{"id":86,"date":"2018-11-07T20:35:20","date_gmt":"2018-11-07T20:35:20","guid":{"rendered":"https:\/\/www.cpamontreal.ca\/intranet\/?page_id=86"},"modified":"2022-01-07T15:56:08","modified_gmt":"2022-01-07T15:56:08","slug":"login","status":"publish","type":"page","link":"https:\/\/www.cpamontreal.ca\/intranet\/login\/","title":{"rendered":"Login"},"content":{"rendered":"[vc_row][vc_column width=&#8221;1\/4&#8243;][\/vc_column][vc_column width=&#8221;1\/2&#8243;][vc_column_text css=&#8221;.vc_custom_1641570893212{margin-bottom: 0px !important;}&#8221;]\n<p style=\"text-align: center;\"><span style=\"color: #ffffff;\">Espace r\u00e9serv\u00e9 aux <strong><span style=\"color: #ffffff;\">SALARI\u00c9S SEULEMENT<\/span><\/strong>. Les employeurs n\u2019ont pas acc\u00e8s aux dossiers de leurs employ\u00e9s.<\/span><\/p>\n<p style=\"text-align: center;\"><span style=\"color: #ffffff;\">Pour les <strong><span style=\"color: #ffffff;\">RAPPORTS MENSUELS<\/span><\/strong>, veuillez cliquer <a style=\"color: #ffffff;\" href=\"https:\/\/www.cpamontreal.ca\/rapports-mensuels\/instructions-generales\/\"><strong><span style=\"color: #ffffff;\">ICI<\/span><\/strong><\/a>.<\/span><\/p>\n[\/vc_column_text][\/vc_column][vc_column width=&#8221;1\/4&#8243;][\/vc_column][\/vc_row][vc_row][vc_column][vc_column_text]\n<div class=\"um um-login um-5\">\n\t<div class=\"um-form\">\n\t\t<form method=\"post\" action=\"\" autocomplete=\"off\">\n\t\t\t<div class=\"um-row _um_row_1 \" style=\"margin: 0 0 30px 0;\"><div class=\"um-col-1\"><div  id=\"um_field_5_user_email\" class=\"um-field um-field-text  um-field-user_email um-field-text um-field-type_text\" data-key=\"user_email\"><div class=\"um-field-label\"><label for=\"user_email-5\">Adresse courriel<\/label><div class=\"um-clear\"><\/div><\/div><div class=\"um-field-area\"><input  autocomplete=\"off\" class=\"um-form-field valid \" type=\"text\" name=\"user_email-5\" id=\"user_email-5\" value=\"\" placeholder=\"\" data-validate=\"unique_email\" data-key=\"user_email\"  aria-invalid=\"false\" \/>\n\n\t\t\t\t\t\t<\/div><\/div><div  id=\"um_field_5_user_password\" class=\"um-field um-field-password  um-field-user_password um-field-password um-field-type_password\" data-key=\"user_password\"><div class=\"um-field-label\"><label for=\"user_password-5\">Mot de passe<span class=\"um-req\" title=\"Obligatoire\">*<\/span><\/label><div class=\"um-clear\"><\/div><\/div><div class=\"um-field-area\"><input class=\"um-form-field valid \" type=\"password\" name=\"user_password-5\" id=\"user_password-5\" value=\"\" placeholder=\"\" data-validate=\"\" data-key=\"user_password\"  aria-invalid=\"false\" \/>\n\n\t\t\t\t\t\t\t<\/div><\/div><\/div><\/div>\t\t<input type=\"hidden\" name=\"form_id\" id=\"form_id_5\" value=\"5\" \/>\n\t\n\t<p class=\"um_request_name\">\n\t\t<label for=\"um_request_5\">Only fill in if you are not human<\/label>\n\t\t<input type=\"hidden\" name=\"um_request\" id=\"um_request_5\" class=\"input\" value=\"\" size=\"25\" autocomplete=\"off\" \/>\n\t<\/p>\n\n\t<input type=\"hidden\" id=\"_wpnonce\" name=\"_wpnonce\" value=\"8ddc8d107a\" \/><input type=\"hidden\" name=\"_wp_http_referer\" value=\"\/intranet\/wp-json\/wp\/v2\/pages\/86\" \/>\n\t<div class=\"um-col-alt\">\n\n\t\t\n\n\t\t\t<div class=\"um-field um-field-c\">\n\t\t\t\t<div class=\"um-field-area\">\n\t\t\t\t\t<label class=\"um-field-checkbox\">\n\t\t\t\t\t\t<input type=\"checkbox\" name=\"rememberme\" value=\"1\"  \/>\n\t\t\t\t\t\t<span class=\"um-field-checkbox-state\"><i class=\"um-icon-android-checkbox-outline-blank\"><\/i><\/span>\n\t\t\t\t\t\t<span class=\"um-field-checkbox-option\"> Se souvenir de moi<\/span>\n\t\t\t\t\t<\/label>\n\t\t\t\t<\/div>\n\t\t\t<\/div>\n\n\t\t\t\t\t\t<div class=\"um-clear\"><\/div>\n\t\t\n\t\t\t<div class=\"um-left um-half\">\n\t\t\t\t<input type=\"submit\" value=\"Connexion\" class=\"um-button\" id=\"um-submit-btn\" \/>\n\t\t\t<\/div>\n\t\t\t<div class=\"um-right um-half\">\n\t\t\t\t<a href=\"https:\/\/www.cpamontreal.ca\/intranet\/en\/register\/\" class=\"um-button um-alt\">\n\t\t\t\t\tInscription\t\t\t\t<\/a>\n\t\t\t<\/div>\n\n\t\t\n\t\t<div class=\"um-clear\"><\/div>\n\n\t<\/div>\n\n\t\n\t<div class=\"um-col-alt-b\">\n\t\t<a href=\"https:\/\/www.cpamontreal.ca\/intranet\/password-reset\/\" class=\"um-link-alt\">\n\t\t\tMot de passe oubli\u00e9\u00a0?\t\t<\/a>\n\t<\/div>\n\n\t\t\t<\/form>\n\t<\/div>\n<\/div>\n<style>\n\t\t\t.um-5.um {\n\t\t\tmax-width: 450px;\n\t\t}\n\t\t<\/style>\n[\/vc_column_text][\/vc_column][\/vc_row]\n","protected":false},"excerpt":{"rendered":"<p>[vc_row][vc_column width=&#8221;1\/4&#8243;][\/vc_column][vc_column width=&#8221;1\/2&#8243;][vc_column_text css=&#8221;.vc_custom_1641570893212{margin-bottom: 0px !important;}&#8221;] Espace r\u00e9serv\u00e9 aux SALARI\u00c9S SEULEMENT. Les employeurs n\u2019ont pas acc\u00e8s aux dossiers de leurs employ\u00e9s. Pour les RAPPORTS MENSUELS, veuillez cliquer ICI. [\/vc_column_text][\/vc_column][vc_column width=&#8221;1\/4&#8243;][\/vc_column][\/vc_row][vc_row][vc_column][vc_column_text][\/vc_column_text][\/vc_column][\/vc_row]<\/p>\n","protected":false},"author":1,"featured_media":0,"parent":0,"menu_order":0,"comment_status":"closed","ping_status":"closed","template":"","meta":{"_acf_changed":false,"_monsterinsights_skip_tracking":false,"_monsterinsights_sitenote_active":false,"_monsterinsights_sitenote_note":"","_monsterinsights_sitenote_category":0,"_price":"","_stock":"","_tribe_ticket_header":"","_tribe_default_ticket_provider":"","_tribe_ticket_capacity":"0","_ticket_start_date":"","_ticket_end_date":"","_tribe_ticket_show_description":"","_tribe_ticket_show_not_going":false,"_tribe_ticket_use_global_stock":"","_tribe_ticket_global_stock_level":"","_global_stock_mode":"","_global_stock_cap":"","_tribe_rsvp_for_event":"","_tribe_ticket_going_count":"","_tribe_ticket_not_going_count":"","_tribe_tickets_list":[],"_tribe_ticket_has_attendee_info_fields":false,"footnotes":""},"class_list":["post-86","page","type-page","status-publish","hentry"],"acf":[],"ams_acf":[],"_links":{"self":[{"href":"https:\/\/www.cpamontreal.ca\/intranet\/wp-json\/wp\/v2\/pages\/86","targetHints":{"allow":["GET"]}}],"collection":[{"href":"https:\/\/www.cpamontreal.ca\/intranet\/wp-json\/wp\/v2\/pages"}],"about":[{"href":"https:\/\/www.cpamontreal.ca\/intranet\/wp-json\/wp\/v2\/types\/page"}],"author":[{"embeddable":true,"href":"https:\/\/www.cpamontreal.ca\/intranet\/wp-json\/wp\/v2\/users\/1"}],"replies":[{"embeddable":true,"href":"https:\/\/www.cpamontreal.ca\/intranet\/wp-json\/wp\/v2\/comments?post=86"}],"version-history":[{"count":16,"href":"https:\/\/www.cpamontreal.ca\/intranet\/wp-json\/wp\/v2\/pages\/86\/revisions"}],"predecessor-version":[{"id":1019,"href":"https:\/\/www.cpamontreal.ca\/intranet\/wp-json\/wp\/v2\/pages\/86\/revisions\/1019"}],"wp:attachment":[{"href":"https:\/\/www.cpamontreal.ca\/intranet\/wp-json\/wp\/v2\/media?parent=86"}],"curies":[{"name":"wp","href":"https:\/\/api.w.org\/{rel}","templated":true}]}}