{"id":29373,"date":"2025-01-13T16:43:33","date_gmt":"2025-01-13T20:43:33","guid":{"rendered":"https:\/\/www.cpamontreal.ca\/?page_id=29373"},"modified":"2025-08-19T14:32:06","modified_gmt":"2025-08-19T18:32:06","slug":"training_available_in_french","status":"publish","type":"page","link":"https:\/\/www.cpamontreal.ca\/en\/training_available_in_french\/","title":{"rendered":"Training available in French"},"content":{"rendered":"[vc_row fullwidth=&#8221;true&#8221; fullwidth_content=&#8221;false&#8221; el_class=&#8221;header-image-row&#8221; css=&#8221;.vc_custom_1543268196566{background-image: url(https:\/\/www.cpamontreal.ca\/wp-content\/uploads\/2018\/11\/onglets-formation.jpg?id=172) !important;}&#8221;][vc_column][vc_column_text css=&#8221;.vc_custom_1736801048088{margin-bottom: 0px !important;}&#8221;]\n<h1>Training available in French<\/h1>\n[\/vc_column_text][\/vc_column][\/vc_row][vc_row fullwidth=&#8221;true&#8221; fullwidth_content=&#8221;false&#8221; el_class=&#8221;row-padding main-bg&#8221;][vc_column width=&#8221;1\/4&#8243;][vc_wp_custommenu nav_menu=&#8221;27&#8243; el_class=&#8221;sidebar-page-menu&#8221;][\/vc_column][vc_column width=&#8221;3\/4&#8243;][vc_column_text css=&#8221;.vc_custom_1736800921676{margin-bottom: 0px !important;}&#8221;]\n<div class=\" vc_custom_1731422077508\">\n<div id=\"text-block-6\" class=\"mk-text-block \"><\/div>\n<\/div>\n<div class=\" vc_custom_1731422993713\">\n<div id=\"text-block-10\" class=\"mk-text-block \">\n<div class=\"clearboth\">\n<div class=\" vc_custom_1731422077508\">\n<div class=\" vc_custom_1731422077508\">\n<div id=\"text-block-6\" class=\"mk-text-block \"><strong>New training dates in French are now available.<\/strong><\/div>\n<\/div>\n<div class=\" vc_custom_1731422993713\">\n<div id=\"text-block-10\" class=\"mk-text-block \">\n<div class=\"clearboth\"><strong>Here are the key details:<\/strong><\/div>\n<div><\/div>\n<div class=\"clearboth\"><strong>EMEMM<\/strong><\/div>\n<\/div>\n<\/div>\n<\/div>\n<div class=\" vc_custom_1731422993713\">\n<div id=\"text-block-10\" class=\"mk-text-block \">\n<ul>\n<li class=\"clearboth\">8 spots available per course<\/li>\n<\/ul>\n<\/div>\n<\/div>\n<div class=\" vc_custom_1728493888227\">\n<div id=\"text-block-11\" class=\"mk-text-block orange\">\n<ul>\n<li>Address: <span data-contrast=\"auto\">5455, rue St-Denis, Montr\u00e9al H2J 4B7<\/span><\/li>\n<\/ul>\n<p><strong>Courses:<\/strong><\/p>\n<\/div>\n<\/div>\n<div class=\" vc_custom_1731423120542\">\n<div id=\"text-block-12\" class=\"mk-text-block \"><\/div>\n<\/div>\n<div class=\" vc_custom_1731422932416\">\n<div id=\"text-block-14\" class=\"mk-text-block \">\n<table width=\"643\">\n<tbody>\n<tr>\n<td width=\"245\"><strong>Titre<\/strong><\/td>\n<td width=\"312\"><strong>Date<\/strong><\/td>\n<td width=\"85\"><strong>Prix*<\/strong><\/td>\n<\/tr>\n<tr>\n<td width=\"245\"><strong>\u00a0<\/strong><strong>\u00c9LECTRICIT\u00c9 INTERM\u00c9DIAIRE<\/strong><\/p>\n<p>Formation de perfectionnement<\/td>\n<td width=\"312\">5-6-12-13-19-20-26-27 f\u00e9vrier et 12-13-19 mars 2025<\/p>\n<p><strong>(19h00 \u00e0 22h00\/mercredi et jeudi)<\/strong><\/td>\n<td width=\"85\">\n<p style=\"text-align: center\">201.21$<\/p>\n<\/td>\n<\/tr>\n<\/tbody>\n<\/table>\n<\/div>\n<\/div>\n<\/div>\n<\/div>\n<\/div>\n[\/vc_column_text][vc_column_text css=&#8221;.vc_custom_1755628320571{margin-bottom: 0px !important;}&#8221;]\n<h3><strong>ACCESS FRENCH CLASSES <a href=\"https:\/\/www.cpamontreal.ca\/formations-disponibles\/\">HERE\u00a0<\/a><\/strong><\/h3>\n[\/vc_column_text][vc_column_text css=&#8221;.vc_custom_1755628310890{margin-bottom: 0px !important;}&#8221;]\n<p class=\"whitespace-pre-wrap break-words\">Please don&#8217;t hesitate to contact us if you need more information.<\/p>\n[\/vc_column_text][\/vc_column][\/vc_row][vc_row][vc_column width=&#8221;1\/4&#8243;][\/vc_column][vc_column width=&#8221;1\/2&#8243;][\/vc_column][vc_column width=&#8221;1\/4&#8243;][\/vc_column][\/vc_row][vc_row][vc_column width=&#8221;1\/4&#8243;][\/vc_column][vc_column width=&#8221;3\/4&#8243;][\/vc_column][\/vc_row]\n","protected":false},"excerpt":{"rendered":"<p>[vc_row fullwidth=&#8221;true&#8221; fullwidth_content=&#8221;false&#8221; el_class=&#8221;header-image-row&#8221; css=&#8221;.vc_custom_1543268196566{background-image: url(https:\/\/www.cpamontreal.ca\/wp-content\/uploads\/2018\/11\/onglets-formation.jpg?id=172) !important;}&#8221;][vc_column][vc_column_text css=&#8221;.vc_custom_1736801048088{margin-bottom: 0px !important;}&#8221;] Training available in French [\/vc_column_text][\/vc_column][\/vc_row][vc_row fullwidth=&#8221;true&#8221; fullwidth_content=&#8221;false&#8221; el_class=&#8221;row-padding main-bg&#8221;][vc_column width=&#8221;1\/4&#8243;][vc_wp_custommenu nav_menu=&#8221;27&#8243; el_class=&#8221;sidebar-page-menu&#8221;][\/vc_column][vc_column width=&#8221;3\/4&#8243;][vc_column_text css=&#8221;.vc_custom_1736800921676{margin-bottom: 0px !important;}&#8221;] New training dates in French are now available. Here are the key details: EMEMM 8 spots available per course Address: 5455, rue St-Denis, Montr\u00e9al H2J 4B7 Courses: Titre Date [&hellip;]<\/p>\n","protected":false},"author":17,"featured_media":0,"parent":0,"menu_order":0,"comment_status":"closed","ping_status":"closed","template":"","meta":{"_acf_changed":false,"_monsterinsights_skip_tracking":false,"_monsterinsights_sitenote_active":false,"_monsterinsights_sitenote_note":"","_monsterinsights_sitenote_category":0,"_price":"","_stock":"","_tribe_ticket_header":"","_tribe_default_ticket_provider":"","_tribe_ticket_capacity":"0","_ticket_start_date":"","_ticket_end_date":"","_tribe_ticket_show_description":"","_tribe_ticket_show_not_going":false,"_tribe_ticket_use_global_stock":"","_tribe_ticket_global_stock_level":"","_global_stock_mode":"","_global_stock_cap":"","_tribe_rsvp_for_event":"","_tribe_ticket_going_count":"","_tribe_ticket_not_going_count":"","_tribe_tickets_list":[],"_tribe_ticket_has_attendee_info_fields":false,"footnotes":""},"class_list":["post-29373","page","type-page","status-publish","hentry"],"acf":[],"ams_acf":[],"_links":{"self":[{"href":"https:\/\/www.cpamontreal.ca\/en\/wp-json\/wp\/v2\/pages\/29373","targetHints":{"allow":["GET"]}}],"collection":[{"href":"https:\/\/www.cpamontreal.ca\/en\/wp-json\/wp\/v2\/pages"}],"about":[{"href":"https:\/\/www.cpamontreal.ca\/en\/wp-json\/wp\/v2\/types\/page"}],"author":[{"embeddable":true,"href":"https:\/\/www.cpamontreal.ca\/en\/wp-json\/wp\/v2\/users\/17"}],"replies":[{"embeddable":true,"href":"https:\/\/www.cpamontreal.ca\/en\/wp-json\/wp\/v2\/comments?post=29373"}],"version-history":[{"count":18,"href":"https:\/\/www.cpamontreal.ca\/en\/wp-json\/wp\/v2\/pages\/29373\/revisions"}],"predecessor-version":[{"id":30080,"href":"https:\/\/www.cpamontreal.ca\/en\/wp-json\/wp\/v2\/pages\/29373\/revisions\/30080"}],"wp:attachment":[{"href":"https:\/\/www.cpamontreal.ca\/en\/wp-json\/wp\/v2\/media?parent=29373"}],"curies":[{"name":"wp","href":"https:\/\/api.w.org\/{rel}","templated":true}]}}