{"id":1336,"date":"2019-08-14T15:06:07","date_gmt":"2019-08-14T19:06:07","guid":{"rendered":"https:\/\/www.cpamontreal.ca\/?page_id=1336"},"modified":"2021-10-14T14:06:08","modified_gmt":"2021-10-14T18:06:08","slug":"division-2-00-jurisdiction","status":"publish","type":"page","link":"https:\/\/www.cpamontreal.ca\/en\/division-2-00-jurisdiction\/","title":{"rendered":"DIVISION 2.00 \u2013 JURISDICTION"},"content":{"rendered":"[vc_row fullwidth=&#8221;true&#8221; fullwidth_content=&#8221;false&#8221; el_class=&#8221;header-image-row&#8221; css=&#8221;.vc_custom_1628183387817{background-image: url(https:\/\/www.cpamontreal.ca\/wp-content\/uploads\/2018\/11\/onglets-decret_.jpg?id=167) !important;}&#8221;][vc_column][vc_column_text css=&#8221;.vc_custom_1626186157938{margin-bottom: 0px !important;}&#8221;]\n<h1>Decree respecting the automotive services industry in the Montr\u00e9al region<\/h1>\n[\/vc_column_text][\/vc_column][\/vc_row][vc_row fullwidth=&#8221;true&#8221; fullwidth_content=&#8221;false&#8221; el_class=&#8221;row-padding main-bg&#8221;][vc_column width=&#8221;1\/4&#8243;][vc_wp_custommenu nav_menu=&#8221;41&#8243; el_class=&#8221;sidebar-page-menu&#8221;][\/vc_column][vc_column width=&#8221;3\/4&#8243;][vc_column_text el_class=&#8221;orange&#8221; css=&#8221;.vc_custom_1565809553744{margin-bottom: 0px !important;}&#8221;]\n<h2 class=\"decret-title\">DIVISION 2.00 \u2013 JURISDICTION<\/h2>\n[\/vc_column_text]  <div class='single-decree-subsection'>\n    <div class='single-decree-subsection__header'>\n      <div class='single-decree-subsection__header-number'>2.01.<\/div>\n      <div class='single-decree-subsection__header-title'>Professional and Industrial Jurisdiction<\/div>\n    <\/div>\n    <div class='single-decree-subsection__list'>\n<h6><\/h6>\n<p><strong>(1)<\/strong> The Decree applies to the following work:<\/p>\n<p>(a) repairing, altering or inspecting a vehicle, its parts or accessories;<\/p>\n<p>(b) restoring, overhauling, repairing, retooling, or any other work of the same type performed on vehicle parts, accessories or tires, as well as their installation on that vehicle;<\/p>\n<p>(c) completely or partially dismantling a vehicle;<\/p>\n<p>(d) selling gasoline, lubricants or any other similar products used for a vehicle where, in the establishment where such work is performed, work specified in paragraphs a, b, c, f or g is also performed;<\/p>\n<p>(e)\u00a0 washing, waxing or cleaning a vehicle where, in the establishment where such work is performed, work mentioned in paragraphs a, b, c, f or g is also performed;<\/p>\n<p>(f) distributing or selling vehicle parts, accessories or tires to garages, service stations, parts shops, new or used car dealers or to any establishment whose activities are governed by the Decree;<\/p>\n<p>(g) distributing or selling vehicle parts, accessories or tires by an establishment specified in paragraph f when performing work governed by the Decree;<\/p>\n<p>(h) delivering vehicle parts, accessories or tires where, in the establishment where such work is performed, other work governed by the Decree is also performed.<\/p>\n<p><strong>(2) Exclusions:<\/strong> The Decree does not apply to:<\/p>\n<p>(a) work specified in subsection 1 when done exclusively for the employer\u2019s own service or own needs or when done exclusively on farm machinery;<\/p>\n<p>(b) work specified in subsection 1 performed on a vehicle leased for 12 months or less if the economic activity of the establishment where the work is performed consists solely in leasing motor vehicles; however, that work is governed by this Decree, when performed on a vehicle leased for more than 12 months;<\/p>\n<p>(c) vulcanizing and retreading;<\/p>\n<p>(d) the sale of vehicle parts, accessories or tires to parts shops or to wholesalers carried out:<\/p>\n<p>i. in a warehouse or in a distribution centre;<\/p>\n<p>ii. in a warehouse only, where the establishment of the employer utilizes it, at a same time, as a parts warehouse and as a parts shop.<\/div>\n    <div class='single-decree-subsection__num-list'>R.R.Q., 1981, c. D-2, r. 46, s. 2.01; O.C. 296-92, s. 4; O.C. 355-96, s. 1; O.C. 1386-99, s. 5.<\/div>\n  <\/div>\n    <div class='single-decree-subsection'>\n    <div class='single-decree-subsection__header'>\n      <div class='single-decree-subsection__header-number'>2.02.<\/div>\n      <div class='single-decree-subsection__header-title'>Territorial scope<\/div>\n    <\/div>\n    <div class='single-decree-subsection__list'>\n<h6><\/h6>\n<p>This Decree applies to employees and employers exercising their trade or having their establishment on the territory of the following municipalities: Baie-d\u2019Urf\u00e9, Beaconsfield, Boucherville, Brossard, Candiac, Ch\u00e2teauguay, C\u00f4te-Saint-Luc, Delson, Dollard-des Ormeaux, Dorval, Hampstead, L\u2019\u00cele Dorval, L\u2019\u00cele Perrot, Kirkland, La Prairie, Laval, Longueuil, Montr\u00e9al, Montr\u00e9al-Est, Montr\u00e9al-Ouest, Mont-Royal, Notre-Dame-de-l\u2019\u00cele-Perrot, Pincourt, Pointe-Claire, Saint-Constant, Saint-Lambert, Sainte-Anne-de-Bellevue, Sainte-Catherine, Senneville, Terrasse-Vaudreuil, Varennes, Vaudreuil-Dorion and Westmount.<\/div>\n    <div class='single-decree-subsection__num-list'>R.R.Q., 1981, c. D-2, r. 46, s. 2.02; O.C. 296-92, s. 5; O.C. 1386-99, s. 6; O.C. 33-2007, s. 2.<\/div>\n  <\/div>\n  [\/vc_column][\/vc_row]\n","protected":false},"excerpt":{"rendered":"<p>[vc_row fullwidth=&#8221;true&#8221; fullwidth_content=&#8221;false&#8221; el_class=&#8221;header-image-row&#8221; css=&#8221;.vc_custom_1628183387817{background-image: url(https:\/\/www.cpamontreal.ca\/wp-content\/uploads\/2018\/11\/onglets-decret_.jpg?id=167) !important;}&#8221;][vc_column][vc_column_text css=&#8221;.vc_custom_1626186157938{margin-bottom: 0px !important;}&#8221;] Decree respecting the automotive services industry in the Montr\u00e9al region [\/vc_column_text][\/vc_column][\/vc_row][vc_row fullwidth=&#8221;true&#8221; fullwidth_content=&#8221;false&#8221; el_class=&#8221;row-padding main-bg&#8221;][vc_column width=&#8221;1\/4&#8243;][vc_wp_custommenu nav_menu=&#8221;41&#8243; el_class=&#8221;sidebar-page-menu&#8221;][\/vc_column][vc_column width=&#8221;3\/4&#8243;][vc_column_text el_class=&#8221;orange&#8221; css=&#8221;.vc_custom_1565809553744{margin-bottom: 0px !important;}&#8221;] DIVISION 2.00 \u2013 JURISDICTION [\/vc_column_text][\/vc_column][\/vc_row]<\/p>\n","protected":false},"author":24,"featured_media":0,"parent":0,"menu_order":0,"comment_status":"closed","ping_status":"closed","template":"","meta":{"_acf_changed":false,"_monsterinsights_skip_tracking":false,"_monsterinsights_sitenote_active":false,"_monsterinsights_sitenote_note":"","_monsterinsights_sitenote_category":0,"_price":"","_stock":"","_tribe_ticket_header":"","_tribe_default_ticket_provider":"","_tribe_ticket_capacity":"0","_ticket_start_date":"","_ticket_end_date":"","_tribe_ticket_show_description":"","_tribe_ticket_show_not_going":false,"_tribe_ticket_use_global_stock":"","_tribe_ticket_global_stock_level":"","_global_stock_mode":"","_global_stock_cap":"","_tribe_rsvp_for_event":"","_tribe_ticket_going_count":"","_tribe_ticket_not_going_count":"","_tribe_tickets_list":[],"_tribe_ticket_has_attendee_info_fields":false,"footnotes":""},"class_list":["post-1336","page","type-page","status-publish","hentry"],"acf":[],"ams_acf":[],"_links":{"self":[{"href":"https:\/\/www.cpamontreal.ca\/en\/wp-json\/wp\/v2\/pages\/1336","targetHints":{"allow":["GET"]}}],"collection":[{"href":"https:\/\/www.cpamontreal.ca\/en\/wp-json\/wp\/v2\/pages"}],"about":[{"href":"https:\/\/www.cpamontreal.ca\/en\/wp-json\/wp\/v2\/types\/page"}],"author":[{"embeddable":true,"href":"https:\/\/www.cpamontreal.ca\/en\/wp-json\/wp\/v2\/users\/24"}],"replies":[{"embeddable":true,"href":"https:\/\/www.cpamontreal.ca\/en\/wp-json\/wp\/v2\/comments?post=1336"}],"version-history":[{"count":12,"href":"https:\/\/www.cpamontreal.ca\/en\/wp-json\/wp\/v2\/pages\/1336\/revisions"}],"predecessor-version":[{"id":4479,"href":"https:\/\/www.cpamontreal.ca\/en\/wp-json\/wp\/v2\/pages\/1336\/revisions\/4479"}],"wp:attachment":[{"href":"https:\/\/www.cpamontreal.ca\/en\/wp-json\/wp\/v2\/media?parent=1336"}],"curies":[{"name":"wp","href":"https:\/\/api.w.org\/{rel}","templated":true}]}}