{"id":1273,"date":"2019-08-08T16:37:58","date_gmt":"2019-08-08T20:37:58","guid":{"rendered":"https:\/\/www.cpamontreal.ca\/?page_id=1273"},"modified":"2021-08-06T08:16:29","modified_gmt":"2021-08-06T12:16:29","slug":"governed-territory","status":"publish","type":"page","link":"https:\/\/www.cpamontreal.ca\/en\/about-us\/governed-territory\/","title":{"rendered":"Governed territory"},"content":{"rendered":"[vc_row fullwidth=&#8221;true&#8221; fullwidth_content=&#8221;false&#8221; el_class=&#8221;header-image-row&#8221; css=&#8221;.vc_custom_1543523091205{background-image: url(https:\/\/www.cpamontreal.ca\/wp-content\/uploads\/2018\/11\/onglets-pageapropos-header-voiture.jpg?id=455) !important;}&#8221;][vc_column][vc_column_text css=&#8221;.vc_custom_1628252185910{margin-bottom: 0px !important;}&#8221;]\n<h1>ABOUT US<\/h1>\n[\/vc_column_text][\/vc_column][\/vc_row][vc_row fullwidth=&#8221;true&#8221; fullwidth_content=&#8221;false&#8221; el_class=&#8221;row-padding main-bg&#8221;][vc_column width=&#8221;1\/4&#8243;][vc_wp_custommenu nav_menu=&#8221;29&#8243; el_class=&#8221;sidebar-page-menu&#8221;][\/vc_column][vc_column width=&#8221;3\/4&#8243;][vc_column_text el_class=&#8221;orange&#8221; css=&#8221;.vc_custom_1565296659175{margin-bottom: 0px !important;}&#8221;]\n<h2>Governed territory<\/h2>\n[\/vc_column_text][vc_column_text css=&#8221;.vc_custom_1627998204238{margin-bottom: 0px !important;}&#8221;]The CPA Montreal applies this Decree to employees and employers exercising their trade or having their establishment on the territory of the following municipalities: Baie-d\u2019Urf\u00e9, Beaconsfield, Boucherville, Brossard, Candiac, Ch\u00e2teauguay, C\u00f4te-Saint-Luc, Delson, Dollard-Des Ormeaux, Dorval, Hampstead, L\u2019\u00cele-Dorval, L\u2019\u00cele-Perrot, Kirkland, La Prairie, Laval, Longueuil, Montr\u00e9al, Montr\u00e9al-Est, Montr\u00e9al-Ouest, Mont-Royal, Notre-Dame-de-l\u2019\u00cele-Perrot, Pincourt, Pointe-Claire, Saint-Constant, Saint-Lambert, Sainte-Anne-de-Bellevue, Sainte-Catherine, Senneville, Terrasse-Vaudreuil, Varennes, Vaudreuil-Dorion and Westmount.[\/vc_column_text][mk_image src=&#8221;https:\/\/www.cpamontreal.ca\/wp-content\/uploads\/2018\/11\/carte-territoires-cpamtl-2018-anglais.jpg&#8221; image_size=&#8221;full&#8221; link=&#8221;https:\/\/www.cpamontreal.ca\/wp-content\/uploads\/2018\/11\/carte-territoires-cpamtl-2018-francais.jpg&#8221; target=&#8221;_blank&#8221;][\/vc_column][\/vc_row]\n","protected":false},"excerpt":{"rendered":"<p>[vc_row fullwidth=&#8221;true&#8221; fullwidth_content=&#8221;false&#8221; el_class=&#8221;header-image-row&#8221; css=&#8221;.vc_custom_1543523091205{background-image: url(https:\/\/www.cpamontreal.ca\/wp-content\/uploads\/2018\/11\/onglets-pageapropos-header-voiture.jpg?id=455) !important;}&#8221;][vc_column][vc_column_text css=&#8221;.vc_custom_1628252185910{margin-bottom: 0px !important;}&#8221;] ABOUT US [\/vc_column_text][\/vc_column][\/vc_row][vc_row fullwidth=&#8221;true&#8221; fullwidth_content=&#8221;false&#8221; el_class=&#8221;row-padding main-bg&#8221;][vc_column width=&#8221;1\/4&#8243;][vc_wp_custommenu nav_menu=&#8221;29&#8243; el_class=&#8221;sidebar-page-menu&#8221;][\/vc_column][vc_column width=&#8221;3\/4&#8243;][vc_column_text el_class=&#8221;orange&#8221; css=&#8221;.vc_custom_1565296659175{margin-bottom: 0px !important;}&#8221;] Governed territory [\/vc_column_text][vc_column_text css=&#8221;.vc_custom_1627998204238{margin-bottom: 0px !important;}&#8221;]The CPA Montreal applies this Decree to employees and employers exercising their trade or having their establishment on the territory of the following municipalities: Baie-d\u2019Urf\u00e9, [&hellip;]<\/p>\n","protected":false},"author":24,"featured_media":0,"parent":1271,"menu_order":0,"comment_status":"closed","ping_status":"closed","template":"","meta":{"_acf_changed":false,"_monsterinsights_skip_tracking":false,"_monsterinsights_sitenote_active":false,"_monsterinsights_sitenote_note":"","_monsterinsights_sitenote_category":0,"_price":"","_stock":"","_tribe_ticket_header":"","_tribe_default_ticket_provider":"","_tribe_ticket_capacity":"0","_ticket_start_date":"","_ticket_end_date":"","_tribe_ticket_show_description":"","_tribe_ticket_show_not_going":false,"_tribe_ticket_use_global_stock":"","_tribe_ticket_global_stock_level":"","_global_stock_mode":"","_global_stock_cap":"","_tribe_rsvp_for_event":"","_tribe_ticket_going_count":"","_tribe_ticket_not_going_count":"","_tribe_tickets_list":[],"_tribe_ticket_has_attendee_info_fields":false,"footnotes":""},"class_list":["post-1273","page","type-page","status-publish","hentry"],"acf":[],"ams_acf":[],"_links":{"self":[{"href":"https:\/\/www.cpamontreal.ca\/en\/wp-json\/wp\/v2\/pages\/1273","targetHints":{"allow":["GET"]}}],"collection":[{"href":"https:\/\/www.cpamontreal.ca\/en\/wp-json\/wp\/v2\/pages"}],"about":[{"href":"https:\/\/www.cpamontreal.ca\/en\/wp-json\/wp\/v2\/types\/page"}],"author":[{"embeddable":true,"href":"https:\/\/www.cpamontreal.ca\/en\/wp-json\/wp\/v2\/users\/24"}],"replies":[{"embeddable":true,"href":"https:\/\/www.cpamontreal.ca\/en\/wp-json\/wp\/v2\/comments?post=1273"}],"version-history":[{"count":6,"href":"https:\/\/www.cpamontreal.ca\/en\/wp-json\/wp\/v2\/pages\/1273\/revisions"}],"predecessor-version":[{"id":3284,"href":"https:\/\/www.cpamontreal.ca\/en\/wp-json\/wp\/v2\/pages\/1273\/revisions\/3284"}],"up":[{"embeddable":true,"href":"https:\/\/www.cpamontreal.ca\/en\/wp-json\/wp\/v2\/pages\/1271"}],"wp:attachment":[{"href":"https:\/\/www.cpamontreal.ca\/en\/wp-json\/wp\/v2\/media?parent=1273"}],"curies":[{"name":"wp","href":"https:\/\/api.w.org\/{rel}","templated":true}]}}